{"id":81970,"date":"2024-05-23T23:13:22","date_gmt":"2024-05-23T23:13:22","guid":{"rendered":"https:\/\/2024.hexagonconsulting.net\/?page_id=81970"},"modified":"2025-09-29T17:21:51","modified_gmt":"2025-09-29T17:21:51","slug":"desarrollos-hexagon","status":"publish","type":"page","link":"https:\/\/hexagonconsulting.net\/en\/desarrollos-hexagon\/","title":{"rendered":"Portales Hexagon"},"content":{"rendered":"<p>[et_pb_section fb_built=\u00bb1&#8243; custom_padding_last_edited=\u00bbon|phone\u00bb _builder_version=\u00bb4.25.1&#8243; _module_preset=\u00bbdefault\u00bb use_background_color_gradient=\u00bbon\u00bb background_color_gradient_stops=\u00bbrgba(255,255,255,0) 0%|#0b0c0c 100%\u00bb background_color_gradient_overlays_image=\u00bbon\u00bb background_image=\u00bbhttps:\/\/hexagonconsulting.net\/wp-content\/uploads\/2024\/05\/PROY-HEXAGON-04.webp\u00bb height_tablet=\u00bb600px\u00bb height_phone=\u00bb600px\u00bb height_last_edited=\u00bboff|desktop\u00bb custom_padding=\u00bb85px||0px||false|false\u00bb custom_padding_tablet=\u00bb85px||0px||false|false\u00bb custom_padding_phone=\u00bb50px||||false|false\u00bb background_last_edited=\u00bbon|phone\u00bb use_background_color_gradient_phone=\u00bbon\u00bb background_color_gradient_stops_phone=\u00bbrgba(255,255,255,0) 1%|#0b0c0c 100%\u00bb background_color_gradient_overlays_image_phone=\u00bbon\u00bb global_colors_info=\u00bb{}\u00bb][et_pb_row column_structure=\u00bb1_2,1_2&#8243; custom_padding_last_edited=\u00bbon|phone\u00bb _builder_version=\u00bb4.25.1&#8243; _module_preset=\u00bbdefault\u00bb custom_padding=\u00bb0px||100px||false|false\u00bb custom_padding_tablet=\u00bb0px||100px||false|false\u00bb custom_padding_phone=\u00bb||105px||false|false\u00bb global_colors_info=\u00bb{}\u00bb][et_pb_column type=\u00bb1_2&#8243; _builder_version=\u00bb4.25.1&#8243; _module_preset=\u00bbdefault\u00bb global_colors_info=\u00bb{}\u00bb][et_pb_text _builder_version=\u00bb4.25.1&#8243; _module_preset=\u00bbdefault\u00bb text_font=\u00bbBasis Grotesque Medium||||||||\u00bb text_text_color=\u00bb#EDEDED\u00bb text_font_size=\u00bb62px\u00bb text_line_height=\u00bb1.1em\u00bb custom_margin=\u00bb||20px||false|false\u00bb custom_margin_tablet=\u00bb||20px||false|false\u00bb custom_margin_phone=\u00bb||5px||false|false\u00bb custom_margin_last_edited=\u00bbon|phone\u00bb animation_style=\u00bbslide\u00bb animation_direction=\u00bbtop\u00bb animation_duration=\u00bb1400ms\u00bb animation_delay=\u00bb120ms\u00bb animation_intensity_slide=\u00bb5%\u00bb text_font_size_tablet=\u00bb62px\u00bb text_font_size_phone=\u00bb38px\u00bb text_font_size_last_edited=\u00bbon|phone\u00bb global_colors_info=\u00bb{}\u00bb]Portales Hexagon<br \/>\n[\/et_pb_text][\/et_pb_column][et_pb_column type=\u00bb1_2&#8243; _builder_version=\u00bb4.25.1&#8243; _module_preset=\u00bbdefault\u00bb global_colors_info=\u00bb{}\u00bb][et_pb_text _builder_version=\u00bb4.25.1&#8243; _module_preset=\u00bbdefault\u00bb text_font=\u00bbBasis Grotesque Medium||||||||\u00bb text_text_color=\u00bb#EDEDED\u00bb text_font_size=\u00bb21px\u00bb text_line_height=\u00bb1.3em\u00bb animation_style=\u00bbfade\u00bb animation_direction=\u00bbright\u00bb animation_duration=\u00bb1400ms\u00bb animation_delay=\u00bb600ms\u00bb text_font_size_tablet=\u00bb21px\u00bb text_font_size_phone=\u00bb18px\u00bb text_font_size_last_edited=\u00bbon|phone\u00bb global_colors_info=\u00bb{}\u00bb]Desarrollamos e integramos capacidades digitales que abren un nuevo horizonte a soluciones m\u00f3viles y de respuestas aceleradas para los procesos empresariales sobre la plataforma de SAP.[\/et_pb_text][\/et_pb_column][\/et_pb_row][et_pb_row _builder_version=\u00bb4.25.1&#8243; _module_preset=\u00bbdefault\u00bb positioning=\u00bbabsolute\u00bb position_origin_a=\u00bbbottom_center\u00bb vertical_offset=\u00bb-55px\u00bb z_index=\u00bb3&#8243; custom_margin=\u00bb||||false|false\u00bb custom_padding=\u00bb0px||0px||true|false\u00bb global_colors_info=\u00bb{}\u00bb][et_pb_column type=\u00bb4_4&#8243; _builder_version=\u00bb4.25.1&#8243; _module_preset=\u00bbdefault\u00bb global_colors_info=\u00bb{}\u00bb][et_pb_image src=\u00bbhttps:\/\/hexagonconsulting.net\/wp-content\/uploads\/2024\/05\/PROY-HEXAGON-1.svg\u00bb title_text=\u00bbPROY HEXAGON\u00bb show_bottom_space=\u00bboff\u00bb _builder_version=\u00bb4.25.1&#8243; _module_preset=\u00bbdefault\u00bb max_width=\u00bb100px\u00bb custom_margin=\u00bb||||false|false\u00bb global_colors_info=\u00bb{}\u00bb][\/et_pb_image][\/et_pb_column][\/et_pb_row][\/et_pb_section][et_pb_section fb_built=\u00bb1&#8243; _builder_version=\u00bb4.25.1&#8243; _module_preset=\u00bbdefault\u00bb background_color=\u00bb#DCDBDB\u00bb background_image=\u00bbhttps:\/\/hexagonconsulting.net\/wp-content\/uploads\/2024\/05\/PROY-HEXAGON-05-1.webp\u00bb custom_padding=\u00bb105px||0px||false|false\u00bb global_colors_info=\u00bb{}\u00bb][et_pb_row custom_padding_last_edited=\u00bbon|phone\u00bb _builder_version=\u00bb4.25.1&#8243; _module_preset=\u00bbdefault\u00bb width_tablet=\u00bb\u00bb width_phone=\u00bb90%\u00bb width_last_edited=\u00bbon|phone\u00bb custom_padding=\u00bb||70px||false|false\u00bb custom_padding_tablet=\u00bb\u00bb custom_padding_phone=\u00bb0px||||false|false\u00bb global_colors_info=\u00bb{}\u00bb][et_pb_column type=\u00bb4_4&#8243; _builder_version=\u00bb4.25.1&#8243; _module_preset=\u00bbdefault\u00bb global_colors_info=\u00bb{}\u00bb][dipi_advanced_tabs use_sticky_tabs=\u00bboff\u00bb use_tabs_fullwidth_phone=\u00bboff\u00bb tabs_min_width_phone=\u00bb280px\u00bb tabs_placement=\u00bbrow\u00bb tabs_container_width=\u00bb28%\u00bb tabs_container_padding=\u00bb0px|0px|10px||false|false\u00bb tabs_container_margin=\u00bb10px|10px|10px|0px|false|false\u00bb tabs_item_padding=\u00bb10px|10px|10px|10px|false|true\u00bb tabs_active_item_padding=\u00bb10px|12px|10px|10px|false|false\u00bb content_padding=\u00bb40px|40px|40px|40px|true|true\u00bb content_margin=\u00bb10px||10px||false|true\u00bb content_bg_color=\u00bbrgba(255,255,255,0.15)\u00bb tabs_bg_color=\u00bbRGBA(255,255,255,0)\u00bb tabs_item_bg_color=\u00bbRGBA(255,255,255,0)\u00bb tabs_item_active_bg_color=\u00bbrgba(11,12,12,0.05)\u00bb tabs_container_padding_tablet=\u00bb0px|0px|10px||false|false\u00bb tabs_container_padding_phone=\u00bb0px|0px|10px|0px|false|false\u00bb tabs_container_padding_last_edited=\u00bbon|phone\u00bb tabs_container_margin_tablet=\u00bb10px|10px|10px|0px|false|false\u00bb tabs_container_margin_phone=\u00bb10px|0px|10px|0px|false|false\u00bb tabs_container_margin_last_edited=\u00bbon|phone\u00bb _builder_version=\u00bb4.25.1&#8243; _module_preset=\u00bbdefault\u00bb title_font=\u00bbBasis Grotesque Medium|||on|||||\u00bb title_text_align=\u00bbleft\u00bb title_text_color=\u00bbrgba(11,12,12,0.5)\u00bb title_font_size=\u00bb14px\u00bb title_letter_spacing=\u00bb1px\u00bb title_line_height=\u00bb1.5em\u00bb title_active_text_align=\u00bbleft\u00bb body_text_color=\u00bb#0B0C0C\u00bb body_line_height=\u00bb1.4em\u00bb header_3_font=\u00bbBasis Grotesque Medium||||||||\u00bb header_3_text_color=\u00bb#0B0C0C\u00bb custom_margin=\u00bb|0px||0px|false|true\u00bb custom_padding=\u00bb|0px||0px|false|true\u00bb animation_style=\u00bbslide\u00bb animation_duration=\u00bb1400ms\u00bb animation_delay=\u00bb150ms\u00bb animation_intensity_slide=\u00bb5%\u00bb hover_enabled=\u00bb0&#8243; title_font_size_tablet=\u00bb14px\u00bb title_font_size_phone=\u00bb12px\u00bb title_font_size_last_edited=\u00bbon|phone\u00bb body_font_size_tablet=\u00bb\u00bb body_font_size_phone=\u00bb14px\u00bb body_font_size_last_edited=\u00bbon|phone\u00bb body_line_height_tablet=\u00bb1.4em\u00bb body_line_height_phone=\u00bb1.2em\u00bb body_line_height_last_edited=\u00bbon|phone\u00bb header_3_font_size_tablet=\u00bb\u00bb header_3_font_size_phone=\u00bb18px\u00bb header_3_font_size_last_edited=\u00bbon|phone\u00bb body_ul_line_height_tablet=\u00bb\u00bb body_ul_line_height_phone=\u00bb1.5em\u00bb body_ul_line_height_last_edited=\u00bbon|phone\u00bb border_radii_content_wrapper=\u00bbon|15px|15px|15px|15px\u00bb border_width_all_content_wrapper=\u00bb1px\u00bb border_color_all_content_wrapper=\u00bbrgba(11,12,12,0.12)\u00bb border_width_right_tabs_wrapper=\u00bb1.2px\u00bb border_color_right_tabs_wrapper=\u00bbrgba(11,12,12,0.2)\u00bb border_width_right_tabs_wrapper_tablet=\u00bb1.2px\u00bb border_width_right_tabs_wrapper_phone=\u00bb0px\u00bb border_width_right_tabs_wrapper_last_edited=\u00bbon|phone\u00bb border_width_right_tabs_item_active=\u00bb2px\u00bb border_color_right_tabs_item_active=\u00bb#B8DF33&#8243; border_width_bottom_tabs_item_active=\u00bb0px\u00bb border_width_right_tabs_item_active_tablet=\u00bb2px\u00bb border_width_right_tabs_item_active_phone=\u00bb0px\u00bb border_width_right_tabs_item_active_last_edited=\u00bbon|phone\u00bb border_width_bottom_tabs_item_active_tablet=\u00bb0px\u00bb border_width_bottom_tabs_item_active_phone=\u00bb2px\u00bb border_width_bottom_tabs_item_active_last_edited=\u00bbon|phone\u00bb border_color_bottom_tabs_item_active_tablet=\u00bb\u00bb border_color_bottom_tabs_item_active_phone=\u00bb#B8DF33&#8243; border_color_bottom_tabs_item_active_last_edited=\u00bbon|phone\u00bb global_colors_info=\u00bb{}\u00bb sticky_enabled=\u00bb0&#8243;][dipi_advanced_tabs_item title=\u00bbPortal de reserva de salas\u00bb admin_label=\u00bbDesking\u00bb _builder_version=\u00bb4.25.1&#8243; _module_preset=\u00bbdefault\u00bb custom_padding=\u00bb||||false|false\u00bb global_colors_info=\u00bb{}\u00bb]<\/p>\n<h3>Desking<\/h3>\n<p>Accurately plan and manage work in the office. Through an easy-to-use and well-organized interface, it allows you to book workspaces in advance.<br \/>\n[\/dipi_advanced_tabs_item][dipi_advanced_tabs_item title=\u00bbPortal de Proveedores\u00bb admin_label=\u00bbHexaprov\u00bb _builder_version=\u00bb4.25.1&#8243; _module_preset=\u00bbdefault\u00bb custom_padding=\u00bb||||false|false\u00bb global_colors_info=\u00bb{}\u00bb]<\/p>\n<h3>HEXAPROV<\/h3>\n<p>Self-service web solution for your suppliers with tools that optimize communication and streamline tasks in the purchasing area. It allows you to upload invoices, check the status of payments, download tax receipts, completely cover the bidding process, among other functionalities.<br \/>\n[\/dipi_advanced_tabs_item][dipi_advanced_tabs_item title=\u00bbAprobaci\u00f3n de pedidos\u00bb admin_label=\u00bbAprobaci\u00f3n de pedidos\u00bb _builder_version=\u00bb4.25.1&#8243; _module_preset=\u00bbdefault\u00bb custom_padding=\u00bb||||false|false\u00bb global_colors_info=\u00bb{}\u00bb]<\/p>\n<h3>Order Approval<\/h3>\n<p>Permite generar requerimientos, dar seguimiento a los mismos y aprobarlos o rechazarlos de manera \u00e1gil desde un dispositivo m\u00f3vil.\u200b[\/dipi_advanced_tabs_item][dipi_advanced_tabs_item title=\u00bbRendici\u00f3n de gastos\u00bb admin_label=\u00bbRendici\u00f3n de gastos\u00bb _builder_version=\u00bb4.25.1&#8243; _module_preset=\u00bbdefault\u00bb custom_padding=\u00bb||||false|false\u00bb global_colors_info=\u00bb{}\u00bb]<\/p>\n<h3>Expense Accounting<\/h3>\n<p>Application of expense reporting and approval from anywhere, at any time.<br \/>\n[\/dipi_advanced_tabs_item][dipi_advanced_tabs_item module_id=\u00bbsolucionesprearmadas\u00bb title=\u00bbSoluciones pre armadas para S\/4HANA \u00bb admin_label=\u00bbSoluciones pre armadas para S\/4HANA \u00bb _builder_version=\u00bb4.25.1&#8243; _module_preset=\u00bbdefault\u00bb custom_padding=\u00bb||||false|false\u00bb global_colors_info=\u00bb{}\u00bb]<\/p>\n<h3>Pre-built solutions for S\/4HANA<\/h3>\n<p>They combine the needs of each business with the intelligent technology of SAP BTP.<br \/>\nImplemented on a predefined scope, taking advantage of pre-configuration and methodologies to help our clients implement in less time with reduced risk and a predictable outcome.<br \/>\n[\/dipi_advanced_tabs_item][dipi_advanced_tabs_item module_id=\u00bbsolucionesprearmadas\u00bb title=\u00bbPortal de Contratistas\u00bb admin_label=\u00bbSoluciones pre armadas para S\/4HANA \u00bb _builder_version=\u00bb4.25.1&#8243; _module_preset=\u00bbdefault\u00bb custom_padding=\u00bb||||false|false\u00bb hover_enabled=\u00bb0&#8243; global_colors_info=\u00bb{}\u00bb sticky_enabled=\u00bb0&#8243;]<\/p>\n<h3>Portal de Contratistas<\/h3>\n<p>Facilita la gesti\u00f3n del c\u00e1lculo del pago a\u00a0contratistas en sus distintas modalidades a trav\u00e9s de un portal\u00a0 sobre\u00a0SAP BTP.\u00a0 Garantiza la integridad de la informaci\u00f3n y minimiza los procesos manuales. El Portal\u00a0est\u00e1 dise\u00f1ado para un alto nivel de interconexi\u00f3n entre sistemas y ajustes continuos.<\/p>\n<p>[\/dipi_advanced_tabs_item][\/dipi_advanced_tabs][\/et_pb_column][\/et_pb_row][\/et_pb_section]<\/p>","protected":false},"excerpt":{"rendered":"<p>Portales Hexagon Desarrollamos e integramos capacidades digitales que abren un nuevo horizonte a soluciones m\u00f3viles y de respuestas aceleradas para los procesos empresariales sobre la plataforma de SAP.<div class=\"et_pb_with_border et_pb_module dipi_advanced_tabs dipi_advanced_tabs_0 et_animated\">\n\t\t\t\t\n\t\t\t\t\n\t\t\t\t\n\t\t\t\t\n\t\t\t\t\n\t\t\t\t\n\t\t\t\t<div class=\"et_pb_module_inner\">\n\t\t\t\t\t<div class=\"dipi-advanced-tabs dipi-at-container dipi-advanced-tabs-front\"  data-tab_animation=\"none\" data-animation_duration=\"300\" data-activate_on_hover=\"off\" data-activate_first_tab_as_placeholder=\"on\" data-use_sticky_tabs=\"off\" data-use_scroll_to_content=\"{&quot;desktop&quot;:&quot;&quot;,&quot;tablet&quot;:&quot;&quot;,&quot;phone&quot;:&quot;&quot;}\" data-scroll_to_content_offset=\"{&quot;desktop&quot;:&quot;0px&quot;,&quot;tablet&quot;:&quot;0px&quot;,&quot;phone&quot;:&quot;0px&quot;}\" data-ts_navigation_vertical_position=\"{&quot;desktop&quot;:&quot;50&quot;,&quot;tablet&quot;:&quot;50&quot;,&quot;phone&quot;:&quot;50&quot;}\" data-ts_navigation_horizontal_position=\"{&quot;desktop&quot;:&quot;0&quot;,&quot;tablet&quot;:&quot;0&quot;,&quot;phone&quot;:&quot;0&quot;}\" data-sticky_distance=\"55px\" data-sticky_distance_tablet=\"55px\" data-sticky_distance_phone=\"\" data-admin_bar_space=\"\" data-turn_off_sticky=\"none\" data-module_class=\"dipi_advanced_tabs_0\" data-default_tab=\"0\">\n                    <div class=\"dipi-at-tabs-container\" data-slider=''   >\n                        <div class=\"dipi-at-tabs has-arrow arrow-place-left arrow-allign-start\"><\/div>\n                    <\/div>\n                    <div class=\"dipi-at-panels\"><\/div>\n                <\/div>\n\t\t\t\t<\/div>\n\t\t\t<\/div><div class=\"et_pb_module dipi_advanced_tabs_item dipi_advanced_tabs_item_0\">\n\t\t\t\t\n\t\t\t\t\n\t\t\t\t\n\t\t\t\t\n\t\t\t\t\n\t\t\t\t\n\t\t\t\t<div class=\"et_pb_module_inner\">\n\t\t\t\t\t<div class=\"dipi-at-panel\"><div class=\"dipi-at-panel-content\" data-imgplacement-desktop=\"column\" data-imgplacement-tablet=\"column\" data-imgplacement-phone=\"column\">\n                    \n                    <div class=\"dipi-at-panel-text\">\n                    Desking Planific\u00e1 y administr\u00e1 con precisi\u00f3n el trabajo en la oficina. A trav\u00e9s de una interfaz f\u00e1cil de usar y bien organizada, permite reservar espacios de trabajo con anticipaci\u00f3n.  \n                    <\/div>\n                <\/div><\/div>\n\t\t\t\t<\/div>\n\t\t\t<\/div><div class=\"et_pb_module dipi_advanced_tabs_item dipi_advanced_tabs_item_1\">\n\t\t\t\t\n\t\t\t\t\n\t\t\t\t\n\t\t\t\t\n\t\t\t\t\n\t\t\t\t\n\t\t\t\t<div class=\"et_pb_module_inner\">\n\t\t\t\t\t<div class=\"dipi-at-panel\"><div class=\"dipi-at-panel-content\" data-imgplacement-desktop=\"column\" data-imgplacement-tablet=\"column\" data-imgplacement-phone=\"column\">\n                    \n                    <div class=\"dipi-at-panel-text\">\n                    HEXAPROV Soluci\u00f3n web de autogesti\u00f3n para sus proveedores con herramientas que optimizan la comunicaci\u00f3n y agilizan las tareas del \u00e1rea de compras.\u200b Permite cargar facturas, consultar el estado de pagos, descargar comprobantes impositivos, cubrir completamente el proceso de licitaci\u00f3n, entre otras funcionalidades.\u200b  \n                    <\/div>\n                <\/div><\/div>\n\t\t\t\t<\/div>\n\t\t\t<\/div><div class=\"et_pb_module dipi_advanced_tabs_item dipi_advanced_tabs_item_2\">\n\t\t\t\t\n\t\t\t\t\n\t\t\t\t\n\t\t\t\t\n\t\t\t\t\n\t\t\t\t\n\t\t\t\t<div class=\"et_pb_module_inner\">\n\t\t\t\t\t<div class=\"dipi-at-panel\"><div class=\"dipi-at-panel-content\" data-imgplacement-desktop=\"column\" data-imgplacement-tablet=\"column\" data-imgplacement-phone=\"column\">\n                    \n                    <div class=\"dipi-at-panel-text\">\n                     \n                    <\/div>\n                <\/div><\/div>\n\t\t\t\t<\/div>\n\t\t\t<\/div><\/p>","protected":false},"author":1,"featured_media":0,"parent":0,"menu_order":0,"comment_status":"closed","ping_status":"closed","template":"","meta":{"_acf_changed":false,"_et_pb_use_builder":"on","_et_pb_old_content":"","_et_gb_content_width":"","om_disable_all_campaigns":false,"_monsterinsights_skip_tracking":false,"_monsterinsights_sitenote_active":false,"_monsterinsights_sitenote_note":"","_monsterinsights_sitenote_category":0,"_uf_show_specific_survey":0,"_uf_disable_surveys":false,"footnotes":""},"dipi_cpt_category":[],"class_list":["post-81970","page","type-page","status-publish","hentry"],"acf":[],"aioseo_notices":[],"_links":{"self":[{"href":"https:\/\/hexagonconsulting.net\/en\/wp-json\/wp\/v2\/pages\/81970","targetHints":{"allow":["GET"]}}],"collection":[{"href":"https:\/\/hexagonconsulting.net\/en\/wp-json\/wp\/v2\/pages"}],"about":[{"href":"https:\/\/hexagonconsulting.net\/en\/wp-json\/wp\/v2\/types\/page"}],"author":[{"embeddable":true,"href":"https:\/\/hexagonconsulting.net\/en\/wp-json\/wp\/v2\/users\/1"}],"replies":[{"embeddable":true,"href":"https:\/\/hexagonconsulting.net\/en\/wp-json\/wp\/v2\/comments?post=81970"}],"version-history":[{"count":18,"href":"https:\/\/hexagonconsulting.net\/en\/wp-json\/wp\/v2\/pages\/81970\/revisions"}],"predecessor-version":[{"id":82453,"href":"https:\/\/hexagonconsulting.net\/en\/wp-json\/wp\/v2\/pages\/81970\/revisions\/82453"}],"wp:attachment":[{"href":"https:\/\/hexagonconsulting.net\/en\/wp-json\/wp\/v2\/media?parent=81970"}],"wp:term":[{"taxonomy":"dipi_cpt_category","embeddable":true,"href":"https:\/\/hexagonconsulting.net\/en\/wp-json\/wp\/v2\/dipi_cpt_category?post=81970"}],"curies":[{"name":"wp","href":"https:\/\/api.w.org\/{rel}","templated":true}]}}