{"id":81959,"date":"2024-05-23T23:03:40","date_gmt":"2024-05-23T23:03:40","guid":{"rendered":"https:\/\/2024.hexagonconsulting.net\/?page_id=81959"},"modified":"2024-11-01T13:54:38","modified_gmt":"2024-11-01T13:54:38","slug":"migraciones","status":"publish","type":"page","link":"https:\/\/hexagonconsulting.net\/en\/migraciones\/","title":{"rendered":"Migrations"},"content":{"rendered":"<p>[et_pb_section fb_built=\u00bb1&#8243; custom_padding_last_edited=\u00bbon|phone\u00bb _builder_version=\u00bb4.25.1&#8243; _module_preset=\u00bbdefault\u00bb use_background_color_gradient=\u00bbon\u00bb background_color_gradient_stops=\u00bbrgba(255,255,255,0) 0%|#0b0c0c 100%\u00bb background_color_gradient_overlays_image=\u00bbon\u00bb background_image=\u00bbhttps:\/\/hexagonconsulting.net\/wp-content\/uploads\/2024\/05\/PROY-HEXAGON-04.webp\u00bb height_tablet=\u00bb600px\u00bb height_phone=\u00bb600px\u00bb height_last_edited=\u00bboff|desktop\u00bb custom_padding=\u00bb85px||0px||false|false\u00bb custom_padding_tablet=\u00bb85px||0px||false|false\u00bb custom_padding_phone=\u00bb50px||||false|false\u00bb background_last_edited=\u00bbon|phone\u00bb use_background_color_gradient_phone=\u00bbon\u00bb background_color_gradient_stops_phone=\u00bbrgba(255,255,255,0) 1%|#0b0c0c 100%\u00bb background_color_gradient_overlays_image_phone=\u00bbon\u00bb global_colors_info=\u00bb{}\u00bb][et_pb_row custom_padding_last_edited=\u00bbon|phone\u00bb _builder_version=\u00bb4.25.1&#8243; _module_preset=\u00bbdefault\u00bb custom_padding=\u00bb0px||90px||false|false\u00bb custom_padding_tablet=\u00bb0px||90px||false|false\u00bb custom_padding_phone=\u00bb||82px||false|false\u00bb global_colors_info=\u00bb{}\u00bb][et_pb_column type=\u00bb4_4&#8243; _builder_version=\u00bb4.25.1&#8243; _module_preset=\u00bbdefault\u00bb global_colors_info=\u00bb{}\u00bb][et_pb_text _builder_version=\u00bb4.25.1&#8243; _module_preset=\u00bbdefault\u00bb text_font=\u00bbBasis Grotesque Medium||||||||\u00bb text_text_color=\u00bb#EDEDED\u00bb text_font_size=\u00bb62px\u00bb text_line_height=\u00bb1.1em\u00bb header_font=\u00bbBasis Grotesque Medium||||||||\u00bb header_text_align=\u00bbleft\u00bb header_text_color=\u00bb#EDEDED\u00bb header_font_size=\u00bb62px\u00bb header_line_height=\u00bb1.1em\u00bb custom_margin=\u00bb||20px||false|false\u00bb custom_margin_tablet=\u00bb||20px||false|false\u00bb custom_margin_phone=\u00bb||5px||false|false\u00bb custom_margin_last_edited=\u00bbon|phone\u00bb animation_style=\u00bbslide\u00bb animation_direction=\u00bbtop\u00bb animation_duration=\u00bb1400ms\u00bb animation_delay=\u00bb120ms\u00bb animation_intensity_slide=\u00bb5%\u00bb text_font_size_tablet=\u00bb62px\u00bb text_font_size_phone=\u00bb38px\u00bb text_font_size_last_edited=\u00bbon|phone\u00bb header_font_size_tablet=\u00bb62px\u00bb header_font_size_phone=\u00bb38px\u00bb header_font_size_last_edited=\u00bbon|phone\u00bb global_colors_info=\u00bb{}\u00bb]<\/p>\n<h1>Migrations and<br \/>the \"Clean Core\" strategy<\/h1>\n<p>[\/et_pb_text][\/et_pb_column][\/et_pb_row][et_pb_row _builder_version=\u00bb4.25.1&#8243; _module_preset=\u00bbdefault\u00bb positioning=\u00bbabsolute\u00bb position_origin_a=\u00bbbottom_center\u00bb vertical_offset=\u00bb-55px\u00bb z_index=\u00bb3&#8243; custom_margin=\u00bb||||false|false\u00bb custom_padding=\u00bb0px||0px||true|false\u00bb global_colors_info=\u00bb{}\u00bb][et_pb_column type=\u00bb4_4&#8243; _builder_version=\u00bb4.25.1&#8243; _module_preset=\u00bbdefault\u00bb global_colors_info=\u00bb{}\u00bb][et_pb_image src=\u00bbhttps:\/\/hexagonconsulting.net\/wp-content\/uploads\/2024\/05\/PROY-HEXAGON-1.svg\u00bb title_text=\u00bbPROY HEXAGON\u00bb show_bottom_space=\u00bboff\u00bb _builder_version=\u00bb4.25.1&#8243; _module_preset=\u00bbdefault\u00bb max_width=\u00bb100px\u00bb custom_margin=\u00bb||||false|false\u00bb global_colors_info=\u00bb{}\u00bb][\/et_pb_image][\/et_pb_column][\/et_pb_row][\/et_pb_section][et_pb_section fb_built=\u00bb1&#8243; custom_padding_last_edited=\u00bbon|phone\u00bb _builder_version=\u00bb4.25.1&#8243; _module_preset=\u00bbdefault\u00bb background_color=\u00bb#DCDBDB\u00bb background_image=\u00bbhttps:\/\/hexagonconsulting.net\/wp-content\/uploads\/2024\/05\/PROY-HEXAGON-05-1.webp\u00bb custom_padding=\u00bb105px||105px||false|false\u00bb custom_padding_tablet=\u00bb105px||105px||false|false\u00bb custom_padding_phone=\u00bb105px||70px||false|false\u00bb global_colors_info=\u00bb{}\u00bb][et_pb_row column_structure=\u00bb1_2,1_2&#8243; make_equal=\u00bbon\u00bb custom_padding_last_edited=\u00bbon|phone\u00bb _builder_version=\u00bb4.25.1&#8243; _module_preset=\u00bbdefault\u00bb width_tablet=\u00bb\u00bb width_phone=\u00bb90%\u00bb width_last_edited=\u00bbon|phone\u00bb custom_padding_tablet=\u00bb\u00bb custom_padding_phone=\u00bb0px||||false|false\u00bb global_colors_info=\u00bb{}\u00bb][et_pb_column type=\u00bb1_2&#8243; _builder_version=\u00bb4.25.1&#8243; _module_preset=\u00bbdefault\u00bb background_color=\u00bbrgba(255,255,255,0.3)\u00bb custom_padding=\u00bb35px|35px|35px|35px|true|true\u00bb animation_style=\u00bbslide\u00bb animation_duration=\u00bb1400ms\u00bb animation_delay=\u00bb150ms\u00bb animation_intensity_slide=\u00bb5%\u00bb border_radii=\u00bbon|15px|15px|15px|15px\u00bb border_width_all=\u00bb1px\u00bb border_color_all=\u00bbrgba(11,12,12,0.1)\u00bb global_colors_info=\u00bb{}\u00bb][et_pb_text _builder_version=\u00bb4.25.1&#8243; _module_preset=\u00bbdefault\u00bb text_font=\u00bbBasis Grotesque Medium||||||||\u00bb text_font_size=\u00bb21px\u00bb global_colors_info=\u00bb{}\u00bb]\u00bfPor qu\u00e9 migrar a S\/4HANA?[\/et_pb_text][et_pb_text _builder_version=\u00bb4.25.1&#8243; _module_preset=\u00bbdefault\u00bb text_line_height=\u00bb1.3em\u00bb global_colors_info=\u00bb{}\u00bb]Las versiones ECC pronto dejar\u00e1n de ser actualizadas y quedar\u00e1n obsoletas. Para aprovechar las tecnolog\u00edas inteligentes necesarias para ser competitivos hoy en d\u00eda, las empresas deben migrar a la soluci\u00f3n de ERP inteligente en la nube, S\/4HANA.<\/p>\n<p>Cada cliente es \u00fanico. No hay una \u00fanica estrategia de migraci\u00f3n. En Hexagon adaptamos cada proyecto a medida de las necesidades de su negocio. [\/et_pb_text][\/et_pb_column][et_pb_column type=\u00bb1_2&#8243; _builder_version=\u00bb4.25.1&#8243; _module_preset=\u00bbdefault\u00bb background_color=\u00bbrgba(255,255,255,0.3)\u00bb custom_padding=\u00bb35px|35px|35px|35px|true|true\u00bb animation_style=\u00bbslide\u00bb animation_duration=\u00bb1400ms\u00bb animation_delay=\u00bb300ms\u00bb animation_intensity_slide=\u00bb5%\u00bb border_radii=\u00bbon|15px|15px|15px|15px\u00bb border_width_all=\u00bb1px\u00bb border_color_all=\u00bbrgba(11,12,12,0.1)\u00bb global_colors_info=\u00bb{}\u00bb][et_pb_text _builder_version=\u00bb4.25.1&#8243; _module_preset=\u00bbdefault\u00bb text_font=\u00bbBasis Grotesque Medium||||||||\u00bb text_font_size=\u00bb21px\u00bb global_colors_info=\u00bb{}\u00bb]\u00bfC\u00f3mo alcanzar una migraci\u00f3n exitosa?[\/et_pb_text][et_pb_text _builder_version=\u00bb4.25.1&#8243; _module_preset=\u00bbdefault\u00bb text_line_height=\u00bb1.3em\u00bb global_colors_info=\u00bb{}\u00bb]SAP propone un cambio de mindset: la estrategia Clean Core. A trav\u00e9s de la estandarizaci\u00f3n en el core (S\/4HANA) y la personalizaci\u00f3n de los procesos por medio de su plataforma en la nube (SAP BTP) reduce la complejidad de las implementaciones. Extensibilidad, integraci\u00f3n, anal\u00edticas e IA son las claves de este modelo.[\/et_pb_text][\/et_pb_column][\/et_pb_row][et_pb_row column_structure=\u00bb1_2,1_2&#8243; use_custom_gutter=\u00bbon\u00bb gutter_width=\u00bb2&#8243; make_equal=\u00bbon\u00bb _builder_version=\u00bb4.25.1&#8243; _module_preset=\u00bbdefault\u00bb animation_style=\u00bbslide\u00bb animation_direction=\u00bbbottom\u00bb animation_duration=\u00bb1400ms\u00bb animation_delay=\u00bb500ms\u00bb animation_intensity_slide=\u00bb5%\u00bb global_colors_info=\u00bb{}\u00bb][et_pb_column type=\u00bb1_2&#8243; _builder_version=\u00bb4.25.1&#8243; _module_preset=\u00bbdefault\u00bb global_colors_info=\u00bb{}\u00bb][et_pb_button button_url=\u00bb#contacto\u00bb button_text=\u00bbAccede a un assessment personalizado para migrar \u00bb button_alignment=\u00bbright\u00bb _builder_version=\u00bb4.25.1&#8243; _module_preset=\u00bbdefault\u00bb custom_button=\u00bbon\u00bb button_text_size=\u00bb18px\u00bb button_text_color=\u00bb#0B0C0C\u00bb button_bg_color=\u00bb#B8DF33&#8243; button_border_width=\u00bb1px\u00bb button_border_color=\u00bbrgba(11,12,12,0.1)\u00bb button_border_radius=\u00bb8px\u00bb button_font=\u00bbBasis Grotesque Medium||||||||\u00bb button_use_icon=\u00bboff\u00bb custom_padding=\u00bb20px|40px|20px|40px|true|true\u00bb hover_enabled=\u00bb0&#8243; custom_css_main_element=\u00bbheight: 80px !important;||width: 400px !important;||line-height: 1em !important;||text-align: center; \u00bb locked=\u00bboff\u00bb global_colors_info=\u00bb{}\u00bb custom_css_main_element_last_edited=\u00bbon|phone\u00bb custom_css_main_element_phone=\u00bbheight: 100% !important;||width: 100% !important;||line-height: 1.3em !important;||text-align: center;\u00bb custom_css_main_element_tablet=\u00bbheight: 80px !important;||width: 500px !important;||line-height: 2.2em !important;\u00bb button_bg_color__hover_enabled=\u00bbon|hover\u00bb button_bg_color__hover=\u00bb#0B0C0C\u00bb button_bg_enable_color__hover=\u00bbon\u00bb button_text_color__hover_enabled=\u00bbon|desktop\u00bb button_text_color__hover=\u00bb#EDEDED\u00bb sticky_enabled=\u00bb0&#8243; button_text_size_last_edited=\u00bbon|phone\u00bb button_text_size_phone=\u00bb16px\u00bb button_text_size_tablet=\u00bb18px\u00bb][\/et_pb_button][\/et_pb_column][et_pb_column type=\u00bb1_2&#8243; _builder_version=\u00bb4.25.1&#8243; _module_preset=\u00bbdefault\u00bb global_colors_info=\u00bb{}\u00bb][et_pb_button button_url=\u00bb@ET-DC@eyJkeW5hbWljIjp0cnVlLCJjb250ZW50IjoicG9zdF9saW5rX3VybF9wYWdlIiwic2V0dGluZ3MiOnsicG9zdF9pZCI6IjgxOTcwIn19@\u00bb button_text=\u00bbAcelera tu migraci\u00f3n a S\/4HANA\u00bb button_alignment=\u00bbleft\u00bb _builder_version=\u00bb4.25.1&#8243; _dynamic_attributes=\u00bbbutton_url\u00bb _module_preset=\u00bbdefault\u00bb custom_button=\u00bbon\u00bb button_text_size=\u00bb18px\u00bb button_text_color=\u00bb#0B0C0C\u00bb button_bg_color=\u00bbrgba(255,255,255,0.3)\u00bb button_border_width=\u00bb1px\u00bb button_border_color=\u00bbrgba(11,12,12,0.1)\u00bb button_border_radius=\u00bb8px\u00bb button_font=\u00bbBasis Grotesque Medium||||||||\u00bb button_use_icon=\u00bboff\u00bb custom_padding=\u00bb20px|40px|20px|40px|true|true\u00bb hover_enabled=\u00bb0&#8243; custom_css_main_element=\u00bbheight: 80px !important;||width: 400px !important;||line-height: 2.2em !important;||text-align: center; \u00bb locked=\u00bboff\u00bb global_colors_info=\u00bb{}\u00bb custom_css_main_element_last_edited=\u00bbon|phone\u00bb custom_css_main_element_phone=\u00bbheight: 100% !important;||width: 100% !important;||line-height: 1.3em !important;||text-align: center;\u00bb custom_css_main_element_tablet=\u00bbheight: 80px !important;||width: 500px !important;||line-height: 2.2em !important;\u00bb button_bg_color__hover_enabled=\u00bbon|hover\u00bb button_bg_color__hover=\u00bb#0B0C0C\u00bb button_bg_enable_color__hover=\u00bbon\u00bb button_text_color__hover_enabled=\u00bbon|hover\u00bb button_text_color__hover=\u00bb#EDEDED\u00bb sticky_enabled=\u00bb0&#8243; button_text_size_last_edited=\u00bbon|phone\u00bb button_text_size_phone=\u00bb16px\u00bb button_text_size_tablet=\u00bb18px\u00bb][\/et_pb_button][\/et_pb_column][\/et_pb_row][\/et_pb_section]<\/p>","protected":false},"excerpt":{"rendered":"<p>Migraciones y laestrategia de \u201cClean Core\u201d\u00bfPor qu\u00e9 migrar a S\/4HANA?Las versiones ECC pronto dejar\u00e1n de ser actualizadas y quedar\u00e1n obsoletas. Para aprovechar las tecnolog\u00edas inteligentes necesarias para ser competitivos hoy en d\u00eda, las empresas deben migrar a la soluci\u00f3n de ERP inteligente en la nube, S\/4HANA. Cada cliente es \u00fanico. No hay una \u00fanica estrategia de migraci\u00f3n. En Hexagon adaptamos cada proyecto a medida de las necesidades de su negocio. \u00bfC\u00f3mo alcanzar una migraci\u00f3n exitosa?SAP propone un cambio de mindset: la estrategia Clean Core. A trav\u00e9s de la estandarizaci\u00f3n en el core (S\/4HANA) y la personalizaci\u00f3n de los procesos por medio de su plataforma en la nube (SAP BTP) reduce la complejidad de las implementaciones. Extensibilidad, integraci\u00f3n, anal\u00edticas e IA son las claves de este modelo.<\/p>","protected":false},"author":1,"featured_media":0,"parent":0,"menu_order":0,"comment_status":"closed","ping_status":"closed","template":"","meta":{"_acf_changed":false,"_et_pb_use_builder":"on","_et_pb_old_content":"","_et_gb_content_width":"","om_disable_all_campaigns":false,"_monsterinsights_skip_tracking":false,"_monsterinsights_sitenote_active":false,"_monsterinsights_sitenote_note":"","_monsterinsights_sitenote_category":0,"_uf_show_specific_survey":0,"_uf_disable_surveys":false,"footnotes":""},"dipi_cpt_category":[],"class_list":["post-81959","page","type-page","status-publish","hentry"],"acf":[],"aioseo_notices":[],"_links":{"self":[{"href":"https:\/\/hexagonconsulting.net\/en\/wp-json\/wp\/v2\/pages\/81959","targetHints":{"allow":["GET"]}}],"collection":[{"href":"https:\/\/hexagonconsulting.net\/en\/wp-json\/wp\/v2\/pages"}],"about":[{"href":"https:\/\/hexagonconsulting.net\/en\/wp-json\/wp\/v2\/types\/page"}],"author":[{"embeddable":true,"href":"https:\/\/hexagonconsulting.net\/en\/wp-json\/wp\/v2\/users\/1"}],"replies":[{"embeddable":true,"href":"https:\/\/hexagonconsulting.net\/en\/wp-json\/wp\/v2\/comments?post=81959"}],"version-history":[{"count":13,"href":"https:\/\/hexagonconsulting.net\/en\/wp-json\/wp\/v2\/pages\/81959\/revisions"}],"predecessor-version":[{"id":82389,"href":"https:\/\/hexagonconsulting.net\/en\/wp-json\/wp\/v2\/pages\/81959\/revisions\/82389"}],"wp:attachment":[{"href":"https:\/\/hexagonconsulting.net\/en\/wp-json\/wp\/v2\/media?parent=81959"}],"wp:term":[{"taxonomy":"dipi_cpt_category","embeddable":true,"href":"https:\/\/hexagonconsulting.net\/en\/wp-json\/wp\/v2\/dipi_cpt_category?post=81959"}],"curies":[{"name":"wp","href":"https:\/\/api.w.org\/{rel}","templated":true}]}}