{"id":81937,"date":"2024-05-23T22:40:28","date_gmt":"2024-05-23T22:40:28","guid":{"rendered":"https:\/\/2024.hexagonconsulting.net\/?page_id=81937"},"modified":"2024-11-01T13:43:17","modified_gmt":"2024-11-01T13:43:17","slug":"core-banking","status":"publish","type":"page","link":"https:\/\/hexagonconsulting.net\/en\/core-banking\/","title":{"rendered":"Core Banking"},"content":{"rendered":"<p>[et_pb_section fb_built=\u00bb1&#8243; custom_padding_last_edited=\u00bbon|phone\u00bb _builder_version=\u00bb4.25.1&#8243; _module_preset=\u00bbdefault\u00bb height_tablet=\u00bb600px\u00bb height_phone=\u00bbauto\u00bb height_last_edited=\u00bboff|desktop\u00bb custom_padding=\u00bb85px||0px||false|false\u00bb custom_padding_tablet=\u00bb85px||0px||false|false\u00bb custom_padding_phone=\u00bb50px||0px||false|false\u00bb hover_enabled=\u00bb0&#8243; use_background_color_gradient_phone=\u00bbon\u00bb background_color_gradient_stops_phone=\u00bbrgba(255,255,255,0) 1%|#0b0c0c 100%\u00bb background_color_gradient_overlays_image_phone=\u00bbon\u00bb global_colors_info=\u00bb{}\u00bb background_last_edited=\u00bbon|phone\u00bb use_background_color_gradient=\u00bbon\u00bb background_color_gradient_stops=\u00bbrgba(255,255,255,0) 0%|#0b0c0c 100%\u00bb background_color_gradient_overlays_image=\u00bbon\u00bb background_image=\u00bbhttps:\/\/hexagonconsulting.net\/wp-content\/uploads\/2024\/05\/PROY-HEXAGON-04.webp\u00bb sticky_enabled=\u00bb0&#8243;][et_pb_row column_structure=\u00bb1_2,1_2&#8243; custom_padding_last_edited=\u00bbon|phone\u00bb _builder_version=\u00bb4.25.1&#8243; _module_preset=\u00bbdefault\u00bb custom_padding=\u00bb0px||128px||false|false\u00bb custom_padding_tablet=\u00bb0px||0px||true|false\u00bb custom_padding_phone=\u00bb0px||110px||false|false\u00bb global_colors_info=\u00bb{}\u00bb][et_pb_column type=\u00bb1_2&#8243; _builder_version=\u00bb4.25.1&#8243; _module_preset=\u00bbdefault\u00bb global_colors_info=\u00bb{}\u00bb][et_pb_text _builder_version=\u00bb4.25.1&#8243; _module_preset=\u00bbdefault\u00bb text_font=\u00bbBasis Grotesque Medium||||||||\u00bb text_text_color=\u00bb#EDEDED\u00bb text_font_size=\u00bb62px\u00bb text_line_height=\u00bb1.1em\u00bb header_font=\u00bbBasis Grotesque Medium||||||||\u00bb header_text_color=\u00bb#EDEDED\u00bb header_font_size=\u00bb62px\u00bb header_line_height=\u00bb1.1em\u00bb custom_margin=\u00bb||20px||false|false\u00bb custom_margin_tablet=\u00bb||20px||false|false\u00bb custom_margin_phone=\u00bb||5px||false|false\u00bb custom_margin_last_edited=\u00bbon|phone\u00bb animation_style=\u00bbslide\u00bb animation_direction=\u00bbtop\u00bb animation_duration=\u00bb1400ms\u00bb animation_delay=\u00bb120ms\u00bb animation_intensity_slide=\u00bb5%\u00bb text_font_size_tablet=\u00bb62px\u00bb text_font_size_phone=\u00bb38px\u00bb text_font_size_last_edited=\u00bbon|phone\u00bb header_font_size_tablet=\u00bb62px\u00bb header_font_size_phone=\u00bb38px\u00bb header_font_size_last_edited=\u00bbon|phone\u00bb global_colors_info=\u00bb{}\u00bb]<\/p>\n<h1>Core Banking<\/h1>\n<p>[\/et_pb_text][\/et_pb_column][et_pb_column type=\u00bb1_2&#8243; _builder_version=\u00bb4.25.1&#8243; _module_preset=\u00bbdefault\u00bb global_colors_info=\u00bb{}\u00bb][et_pb_text _builder_version=\u00bb4.25.1&#8243; _module_preset=\u00bbdefault\u00bb text_font=\u00bbBasis Grotesque Medium||||||||\u00bb text_text_color=\u00bb#EDEDED\u00bb text_font_size=\u00bb21px\u00bb text_line_height=\u00bb1.3em\u00bb animation_style=\u00bbfade\u00bb animation_direction=\u00bbtop\u00bb animation_duration=\u00bb1400ms\u00bb animation_delay=\u00bb600ms\u00bb text_font_size_tablet=\u00bb21px\u00bb text_font_size_phone=\u00bb18px\u00bb text_font_size_last_edited=\u00bbon|phone\u00bb global_colors_info=\u00bb{}\u00bb]<\/p>\n<p>We are expert guides in the banking industry. SAP Cloud for Banking delivers operational excellence,\nelevating the user experience through its Fiori interface and increasing productivity in a solution that is highly integrable through APIs, powered by the SAP BTP Innovation Platform.<\/p>\n<p>[\/et_pb_text][\/et_pb_column][\/et_pb_row][et_pb_row _builder_version=\u00bb4.25.1&#8243; _module_preset=\u00bbdefault\u00bb positioning=\u00bbabsolute\u00bb position_origin_a=\u00bbbottom_center\u00bb vertical_offset=\u00bb-55px\u00bb z_index=\u00bb3&#8243; custom_margin=\u00bb||||false|false\u00bb custom_padding=\u00bb0px||0px||true|false\u00bb global_colors_info=\u00bb{}\u00bb][et_pb_column type=\u00bb4_4&#8243; _builder_version=\u00bb4.25.1&#8243; _module_preset=\u00bbdefault\u00bb global_colors_info=\u00bb{}\u00bb][et_pb_image src=\u00bbhttps:\/\/hexagonconsulting.net\/wp-content\/uploads\/2024\/05\/PROY-HEXAGON-1.svg\u00bb title_text=\u00bbPROY HEXAGON\u00bb show_bottom_space=\u00bboff\u00bb _builder_version=\u00bb4.25.1&#8243; _module_preset=\u00bbdefault\u00bb max_width=\u00bb100px\u00bb custom_margin=\u00bb||||false|false\u00bb global_colors_info=\u00bb{}\u00bb][\/et_pb_image][\/et_pb_column][\/et_pb_row][\/et_pb_section][et_pb_section fb_built=\u00bb1&#8243; custom_padding_last_edited=\u00bbon|phone\u00bb _builder_version=\u00bb4.25.1&#8243; _module_preset=\u00bbdefault\u00bb background_color=\u00bb#DCDBDB\u00bb background_image=\u00bbhttps:\/\/hexagonconsulting.net\/wp-content\/uploads\/2024\/05\/PROY-HEXAGON-05-1.webp\u00bb custom_padding=\u00bb105px||105px||false|false\u00bb custom_padding_tablet=\u00bb105px||105px||false|false\u00bb custom_padding_phone=\u00bb105px||85px||false|false\u00bb global_colors_info=\u00bb{}\u00bb][et_pb_row column_structure=\u00bb1_2,1_2&#8243; make_equal=\u00bbon\u00bb custom_padding_last_edited=\u00bbon|phone\u00bb _builder_version=\u00bb4.25.1&#8243; _module_preset=\u00bbdefault\u00bb width_tablet=\u00bb\u00bb width_phone=\u00bb90%\u00bb width_last_edited=\u00bbon|phone\u00bb custom_padding_tablet=\u00bb\u00bb custom_padding_phone=\u00bb0px||||false|false\u00bb global_colors_info=\u00bb{}\u00bb][et_pb_column type=\u00bb1_2&#8243; _builder_version=\u00bb4.25.1&#8243; _module_preset=\u00bbdefault\u00bb background_color=\u00bbrgba(255,255,255,0.3)\u00bb custom_padding=\u00bb35px|35px|35px|35px|true|true\u00bb animation_style=\u00bbslide\u00bb animation_duration=\u00bb1400ms\u00bb animation_delay=\u00bb150ms\u00bb animation_intensity_slide=\u00bb5%\u00bb border_radii=\u00bbon|15px|15px|15px|15px\u00bb border_width_all=\u00bb1px\u00bb border_color_all=\u00bbrgba(11,12,12,0.1)\u00bb global_colors_info=\u00bb{}\u00bb][et_pb_text _builder_version=\u00bb4.25.1&#8243; _module_preset=\u00bbdefault\u00bb text_font=\u00bbBasis Grotesque Medium||||||||\u00bb text_font_size=\u00bb21px\u00bb global_colors_info=\u00bb{}\u00bb]<\/p>\n<p>SAP Cloud for Banking covers industry-specific processes and functions:<\/p>\n<p>[\/et_pb_text][et_pb_text _builder_version=\u00bb4.25.1&#8243; _module_preset=\u00bbdefault\u00bb global_colors_info=\u00bb{}\u00bb]<\/p>\n<ul>\n<li>Handling customer master data<\/li>\n<li>Accounts \/ Deposits<\/li>\n<li>Loans<\/li>\n<li>Guarantees<\/li>\n<li>Payments<\/li>\n<li>Finance<\/li>\n<\/ul>\n<p>[\/et_pb_text][\/et_pb_column][et_pb_column type=\u00bb1_2&#8243; _builder_version=\u00bb4.25.1&#8243; _module_preset=\u00bbdefault\u00bb background_color=\u00bbrgba(255,255,255,0.3)\u00bb custom_padding=\u00bb35px|35px|35px|35px|true|true\u00bb animation_style=\u00bbslide\u00bb animation_duration=\u00bb1400ms\u00bb animation_delay=\u00bb300ms\u00bb animation_intensity_slide=\u00bb5%\u00bb border_radii=\u00bbon|15px|15px|15px|15px\u00bb border_width_all=\u00bb1px\u00bb border_color_all=\u00bbrgba(11,12,12,0.1)\u00bb global_colors_info=\u00bb{}\u00bb][et_pb_text _builder_version=\u00bb4.25.1&#8243; _module_preset=\u00bbdefault\u00bb text_font=\u00bbBasis Grotesque Medium||||||||\u00bb text_font_size=\u00bb21px\u00bb global_colors_info=\u00bb{}\u00bb]Mantenimiento correctivo y evolutivos:[\/et_pb_text][et_pb_text _builder_version=\u00bb4.25.1&#8243; _module_preset=\u00bbdefault\u00bb global_colors_info=\u00bb{}\u00bb]<\/p>\n<ul>\n<li>SAP Fioneer TransactionalBanking forS\/4HANA<\/li>\n<li>SAP FioneerBanking Services7.0\/9.0<\/li>\n<li>SAP Fioneer DepositsManagement<\/li>\n<li>SAP Fioneer Loans Management<\/li>\n<li>SAP Fioneer Master Contract Management<\/li>\n<li>SAP Fioneer Financial ServicesBusiness Partner<\/li>\n<li>SAP Fioneer Collaterals Management System<\/li>\n<li>S\/4HANA Contract Accounts Receivable and Payable(FICA)<\/li>\n<\/ul>\n<p>[\/et_pb_text][\/et_pb_column][\/et_pb_row][\/et_pb_section]<\/p>","protected":false},"excerpt":{"rendered":"<p>Core BankingSomos gu\u00edas expertos en la industria bancaria. SAP Cloud for Banking ofrece excelencia a nivel operacional, elevando la experiencia de usuario a trav\u00e9s de su interfaz en Fiori e incrementando la productividad en una soluci\u00f3n altamente integrable a trav\u00e9s de APIs, potenciada por la Plataforma de innovaci\u00f3n de SAP BTP.SAP Cloud for Banking cubre los procesos y funciones espec\u00edficas de la industria: Manejo de datos maestros de clientes Cuentas \/ Dep\u00f3sitos Pr\u00e9stamos Garant\u00edas Pagos Finanzas Mantenimiento correctivo y evolutivos: SAP Fioneer Transactional Banking forS\/4HANA SAP Fioneer Banking Services7.0\/9.0 SAP Fioneer Deposits Management SAP Fioneer Loans Management SAP Fioneer Master Contract Management SAP Fioneer Financial ServicesBusiness Partner SAP Fioneer Collaterals Management System S\/4HANA Contract Accounts Receivable and Payable(FICA)<\/p>","protected":false},"author":1,"featured_media":0,"parent":0,"menu_order":0,"comment_status":"closed","ping_status":"closed","template":"","meta":{"_acf_changed":false,"_et_pb_use_builder":"on","_et_pb_old_content":"","_et_gb_content_width":"","om_disable_all_campaigns":false,"_monsterinsights_skip_tracking":false,"_monsterinsights_sitenote_active":false,"_monsterinsights_sitenote_note":"","_monsterinsights_sitenote_category":0,"_uf_show_specific_survey":0,"_uf_disable_surveys":false,"footnotes":""},"dipi_cpt_category":[],"class_list":["post-81937","page","type-page","status-publish","hentry"],"acf":[],"aioseo_notices":[],"_links":{"self":[{"href":"https:\/\/hexagonconsulting.net\/en\/wp-json\/wp\/v2\/pages\/81937","targetHints":{"allow":["GET"]}}],"collection":[{"href":"https:\/\/hexagonconsulting.net\/en\/wp-json\/wp\/v2\/pages"}],"about":[{"href":"https:\/\/hexagonconsulting.net\/en\/wp-json\/wp\/v2\/types\/page"}],"author":[{"embeddable":true,"href":"https:\/\/hexagonconsulting.net\/en\/wp-json\/wp\/v2\/users\/1"}],"replies":[{"embeddable":true,"href":"https:\/\/hexagonconsulting.net\/en\/wp-json\/wp\/v2\/comments?post=81937"}],"version-history":[{"count":15,"href":"https:\/\/hexagonconsulting.net\/en\/wp-json\/wp\/v2\/pages\/81937\/revisions"}],"predecessor-version":[{"id":82384,"href":"https:\/\/hexagonconsulting.net\/en\/wp-json\/wp\/v2\/pages\/81937\/revisions\/82384"}],"wp:attachment":[{"href":"https:\/\/hexagonconsulting.net\/en\/wp-json\/wp\/v2\/media?parent=81937"}],"wp:term":[{"taxonomy":"dipi_cpt_category","embeddable":true,"href":"https:\/\/hexagonconsulting.net\/en\/wp-json\/wp\/v2\/dipi_cpt_category?post=81937"}],"curies":[{"name":"wp","href":"https:\/\/api.w.org\/{rel}","templated":true}]}}